{"id":1001,"date":"2024-08-14T03:44:23","date_gmt":"2024-08-14T03:44:23","guid":{"rendered":"https:\/\/gramentheme.com\/wp\/xbuild\/?page_id=1001"},"modified":"2025-05-28T09:45:08","modified_gmt":"2025-05-28T09:45:08","slug":"hizmetlerimiz","status":"publish","type":"page","link":"https:\/\/www.ankaralicati.com.tr\/index.php\/hizmetlerimiz\/","title":{"rendered":"Hizmetlerimiz"},"content":{"rendered":"\t\t<div data-elementor-type=\"wp-page\" data-elementor-id=\"1001\" class=\"elementor elementor-1001\">\n\t\t\t\t<div class=\"elementor-element elementor-element-396aa3c e-flex e-con-boxed e-con e-parent\" data-id=\"396aa3c\" data-element_type=\"container\">\n\t\t\t\t\t<div class=\"e-con-inner\">\n\t\t\t\t<div class=\"elementor-element elementor-element-4f5c9c7 elementor-widget elementor-widget-ehome-service-grid-widget\" data-id=\"4f5c9c7\" data-element_type=\"widget\" data-widget_type=\"ehome-service-grid-widget.default\">\n\t\t\t\t<div class=\"elementor-widget-container\">\n\t\t\t\t\t\r\n\r\n\t <script>\r\n jQuery(document).ready(function($) {\r\n\r\n\/\/ js code start\r\n\r\nif($(\".service-slider\").length > 0) {\r\n\tconst serviceSlider = new Swiper(\".service-slider\", {\r\n\t\tspaceBetween: 30,\r\n\t\tspeed: 2000,\r\n\t\tloop: true,\r\n\t\tautoplay: {\r\n\t\t\tdelay: 2000,\r\n\t\t\tdisableOnInteraction: false,\r\n\t\t},\r\n\t\tpagination: {\r\n\t\t\tel: \".dot\",\r\n\t\t\tclickable: true,\r\n\t\t},\r\n\t\tnavigation: {\r\n\t\t\tnextEl: \".array-prev\",\r\n\t\t\tprevEl: \".array-next\",\r\n\t\t},\r\n\t\tbreakpoints: {\r\n\t\t\t1399: {\r\n\t\t\t\tslidesPerView: 4,\r\n\t\t\t},\r\n\t\t\t1199: {\r\n\t\t\t\tslidesPerView: 3,\r\n\t\t\t},\r\n\t\t\t991: {\r\n\t\t\t\tslidesPerView: 2,\r\n\t\t\t},\r\n\t\t\t767: {\r\n\t\t\t\tslidesPerView: 2,\r\n\t\t\t},\r\n\t\t\t575: {\r\n\t\t\t\tslidesPerView: 1,\r\n\t\t\t},\r\n\t\t\t0: {\r\n\t\t\t\tslidesPerView: 1,\r\n\t\t\t},\r\n\t\t},\r\n\t});\r\n}\r\n\r\nif($(\".service-slider-2\").length > 0) {\r\n\tconst serviceSlider2 = new Swiper(\".service-slider-2\", {\r\n\t\tspaceBetween: 30,\r\n\t\tspeed: 2000,\r\n\t\tloop: true,\r\n\t\tautoplay: {\r\n\t\t\tdelay: 2000,\r\n\t\t\tdisableOnInteraction: false,\r\n\t\t},\r\n\t\tpagination: {\r\n\t\t\tel: \".service-dot\",\r\n\t\t},\r\n\t\tnavigation: {\r\n\t\t\tprevEl: \".array-prev\",\r\n\t\t\tnextEl: \".array-next\",\r\n\t\t},\r\n\t\tbreakpoints: {\r\n\t\t\t1399: {\r\n\t\t\t\tslidesPerView: 4,\r\n\t\t\t},\r\n\t\t\t1199: {\r\n\t\t\t\tslidesPerView: 3,\r\n\t\t\t},\r\n\t\t\t991: {\r\n\t\t\t\tslidesPerView: 2,\r\n\t\t\t},\r\n\t\t\t767: {\r\n\t\t\t\tslidesPerView: 2,\r\n\t\t\t},\r\n\t\t\t575: {\r\n\t\t\t\tslidesPerView: 1,\r\n\t\t\t},\r\n\t\t\t0: {\r\n\t\t\t\tslidesPerView: 1,\r\n\t\t\t},\r\n\t\t},\r\n\t});\r\n}\r\n\r\n\/\/ js code end \r\n\r\n  });\r\n<\/script>\r\n\t\r\n\r\n\t\t<div class=\"row\">\r\n\t\t\t\t\r\n\t\t\t<div class=\"col-xl-4 col-lg-6 col-md-6 wow fadeInUp\" data-wow-delay=\".3s\">\r\n\t\t\t\t<div class=\"service-box-items items-bg\">\r\n\t\t\t\t\t<div class=\"service-thumb\">\r\n\t\t\t\t\t\t\t\t\t\t\t\t\t<img decoding=\"async\" src=\"https:\/\/www.ankaralicati.com.tr\/wp-content\/uploads\/2024\/08\/worker-man-building-tradesman-roof-house-with-safety-helmet.png\" alt=\"\">\r\n\t\t\t\t\t\t\t\t\t\t\t\t<div class=\"icon\">\r\n\t\t\t\t\t\t\t\t\t\t\t\t\t<img decoding=\"async\" src=\"https:\/\/www.ankaralicati.com.tr\/wp-content\/uploads\/2024\/12\/icon-1.png\" alt=\"\">\r\n\t\t\t\t\t\t\t\t\t\t\t\t<\/div>\r\n\t\t\t\t\t<\/div>\r\n\t\t\t\t\t<div class=\"service-content\">\r\n\t\t\t\t\t\t<h2 class=\"number\"><\/h2>\r\n\t\t\t\t\t\t<h3><a href=\"\/index.php\/cati-tadilatlari\/\">\u00c7at\u0131 Tadilatlar\u0131<\/a><\/h3>\r\n\t\t\t\t\t\t<p>\r\n\t\t\t\t\t\t\t\u00c7at\u0131 tadilatlar\u0131, yap\u0131n\u0131z\u0131n g\u00fcvenli\u011fi ve konforu i\u00e7in hayati \u00f6neme sahip olup, eskiyen veya hasar g\u00f6ren \u00e7at\u0131 b\u00f6l\u00fcmlerinin yenilenmesini ve g\u00fc\u00e7lendirilmesini sa\u011flar.\t\t\t\t\t\t<\/p>\r\n\t\t\t\t\t\t<a href=\"\/index.php\/cati-tadilatlari\/\" class=\"theme-btn wow fadeInUp\" data-wow-delay=\".3s\">Devam\u0131 <i class=\"fa-regular fa-arrow-right\"><\/i><\/a>\r\n\t\t\t\t\t<\/div>\r\n\t\t\t\t<\/div>\r\n\t\t\t<\/div>\r\n\t\t\t\t\r\n\t\t\t<div class=\"col-xl-4 col-lg-6 col-md-6 wow fadeInUp\" data-wow-delay=\".3s\">\r\n\t\t\t\t<div class=\"service-box-items items-bg\">\r\n\t\t\t\t\t<div class=\"service-thumb\">\r\n\t\t\t\t\t\t\t\t\t\t\t\t\t<img decoding=\"async\" src=\"https:\/\/www.ankaralicati.com.tr\/wp-content\/uploads\/2024\/08\/teamwork-2-roofers-worker-protective-uniform-wear-gloves-using-air-pneumatic-nail-gun-installing-concrete-roof-tiles-top-new-roof-building-construction.png\" alt=\"\">\r\n\t\t\t\t\t\t\t\t\t\t\t\t<div class=\"icon\">\r\n\t\t\t\t\t\t\t\t\t\t\t\t\t<img decoding=\"async\" src=\"https:\/\/www.ankaralicati.com.tr\/wp-content\/uploads\/2024\/12\/icon-2.png\" alt=\"\">\r\n\t\t\t\t\t\t\t\t\t\t\t\t<\/div>\r\n\t\t\t\t\t<\/div>\r\n\t\t\t\t\t<div class=\"service-content\">\r\n\t\t\t\t\t\t<h2 class=\"number\"><\/h2>\r\n\t\t\t\t\t\t<h3><a href=\"\/index.php\/cati-tamiri-ve-temizleme\/\">\u00c7at\u0131 Temizleme<\/a><\/h3>\r\n\t\t\t\t\t\t<p>\r\n\t\t\t\t\t\t\t\u00c7at\u0131 temizleme i\u015flemi, su birikintisi, yosun ve kir olu\u015fumunu \u00f6nleyerek \u00e7at\u0131n\u0131z\u0131n \u00f6mr\u00fcn\u00fc uzat\u0131r, yap\u0131n\u0131z\u0131 korur ve estetik g\u00f6r\u00fcn\u00fcm\u00fcn\u00fc yeniden kazand\u0131r\u0131r.\t\t\t\t\t\t<\/p>\r\n\t\t\t\t\t\t<a href=\"\/index.php\/cati-tamiri-ve-temizleme\/\" class=\"theme-btn wow fadeInUp\" data-wow-delay=\".3s\">Devam\u0131 <i class=\"fa-regular fa-arrow-right\"><\/i><\/a>\r\n\t\t\t\t\t<\/div>\r\n\t\t\t\t<\/div>\r\n\t\t\t<\/div>\r\n\t\t\t\t\r\n\t\t\t<div class=\"col-xl-4 col-lg-6 col-md-6 wow fadeInUp\" data-wow-delay=\".3s\">\r\n\t\t\t\t<div class=\"service-box-items items-bg\">\r\n\t\t\t\t\t<div class=\"service-thumb\">\r\n\t\t\t\t\t\t\t\t\t\t\t\t\t<img decoding=\"async\" src=\"https:\/\/www.ankaralicati.com.tr\/wp-content\/uploads\/2024\/08\/sideways-man-working-roof-with-drill.png\" alt=\"\">\r\n\t\t\t\t\t\t\t\t\t\t\t\t<div class=\"icon\">\r\n\t\t\t\t\t\t\t\t\t\t\t\t\t<img decoding=\"async\" src=\"https:\/\/www.ankaralicati.com.tr\/wp-content\/uploads\/2024\/12\/icon-4.png\" alt=\"\">\r\n\t\t\t\t\t\t\t\t\t\t\t\t<\/div>\r\n\t\t\t\t\t<\/div>\r\n\t\t\t\t\t<div class=\"service-content\">\r\n\t\t\t\t\t\t<h2 class=\"number\"><\/h2>\r\n\t\t\t\t\t\t<h3><a href=\"\/index.php\/kiremit-cati-isleri\/\">\u00c7at\u0131 \u0130\u015fleri<\/a><\/h3>\r\n\t\t\t\t\t\t<p>\r\n\t\t\t\t\t\t\tKiremit \u00e7at\u0131 i\u015fleri, estetik ve dayan\u0131kl\u0131l\u0131\u011f\u0131 bir araya getirerek \u00e7at\u0131n\u0131z\u0131 uzun y\u0131llar korur. Profesyonel d\u00f6\u015feme ve bak\u0131m hizmetleriyle yap\u0131n\u0131za de\u011fer katar.\t\t\t\t\t\t<\/p>\r\n\t\t\t\t\t\t<a href=\"\/index.php\/kiremit-cati-isleri\/\" class=\"theme-btn wow fadeInUp\" data-wow-delay=\".3s\">Devam\u0131 <i class=\"fa-regular fa-arrow-right\"><\/i><\/a>\r\n\t\t\t\t\t<\/div>\r\n\t\t\t\t<\/div>\r\n\t\t\t<\/div>\r\n\t\t\t\t\r\n\t\t\t<div class=\"col-xl-4 col-lg-6 col-md-6 wow fadeInUp\" data-wow-delay=\".3s\">\r\n\t\t\t\t<div class=\"service-box-items items-bg\">\r\n\t\t\t\t\t<div class=\"service-thumb\">\r\n\t\t\t\t\t\t\t\t\t\t\t\t\t<img decoding=\"async\" src=\"https:\/\/www.ankaralicati.com.tr\/wp-content\/uploads\/2024\/08\/professional-qualified-roofer-protective-uniform-wear-use-electric-drill-install-concrete-roof-tiles-new-roof-new-modern-building-construction.png\" alt=\"\">\r\n\t\t\t\t\t\t\t\t\t\t\t\t<div class=\"icon\">\r\n\t\t\t\t\t\t\t\t\t\t\t\t\t<img decoding=\"async\" src=\"https:\/\/www.ankaralicati.com.tr\/wp-content\/uploads\/2024\/12\/icon-1.png\" alt=\"\">\r\n\t\t\t\t\t\t\t\t\t\t\t\t<\/div>\r\n\t\t\t\t\t<\/div>\r\n\t\t\t\t\t<div class=\"service-content\">\r\n\t\t\t\t\t\t<h2 class=\"number\"><\/h2>\r\n\t\t\t\t\t\t<h3><a href=\"\/kiremit-doseme-ve-temizleme\/\">Kiremit D\u00f6\u015feme ve Temizleme<\/a><\/h3>\r\n\t\t\t\t\t\t<p>\r\n\t\t\t\t\t\t\tKiremit d\u00f6\u015feme ve temizleme i\u015flemleri, \u00e7at\u0131n\u0131z\u0131n hem estetik hem de dayan\u0131kl\u0131 olmas\u0131n\u0131 sa\u011flar. D\u00fczenli bak\u0131m, su s\u0131z\u0131nt\u0131lar\u0131n\u0131 ve yap\u0131 hasarlar\u0131n\u0131 \u00f6nler.\t\t\t\t\t\t<\/p>\r\n\t\t\t\t\t\t<a href=\"\/kiremit-doseme-ve-temizleme\/\" class=\"theme-btn wow fadeInUp\" data-wow-delay=\".3s\">Devam\u0131 <i class=\"fa-regular fa-arrow-right\"><\/i><\/a>\r\n\t\t\t\t\t<\/div>\r\n\t\t\t\t<\/div>\r\n\t\t\t<\/div>\r\n\t\t\t\t\r\n\t\t\t<div class=\"col-xl-4 col-lg-6 col-md-6 wow fadeInUp\" data-wow-delay=\".3s\">\r\n\t\t\t\t<div class=\"service-box-items items-bg\">\r\n\t\t\t\t\t<div class=\"service-thumb\">\r\n\t\t\t\t\t\t\t\t\t\t\t\t\t<img decoding=\"async\" src=\"https:\/\/www.ankaralicati.com.tr\/wp-content\/uploads\/2024\/08\/industrial-workers-working-factory-hall-with-metal.png\" alt=\"\">\r\n\t\t\t\t\t\t\t\t\t\t\t\t<div class=\"icon\">\r\n\t\t\t\t\t\t\t\t\t\t\t\t\t<img decoding=\"async\" src=\"https:\/\/www.ankaralicati.com.tr\/wp-content\/uploads\/2024\/12\/icon-2.png\" alt=\"\">\r\n\t\t\t\t\t\t\t\t\t\t\t\t<\/div>\r\n\t\t\t\t\t<\/div>\r\n\t\t\t\t\t<div class=\"service-content\">\r\n\t\t\t\t\t\t<h2 class=\"number\"><\/h2>\r\n\t\t\t\t\t\t<h3><a href=\"\/membran-cati-kaplama\/\">Membran \u00c7at\u0131 Kaplama<\/a><\/h3>\r\n\t\t\t\t\t\t<p>\r\n\t\t\t\t\t\t\tMembran \u00e7at\u0131 kaplama, su yal\u0131t\u0131m\u0131n\u0131 maksimum seviyeye \u00e7\u0131kararak \u00e7at\u0131n\u0131z\u0131 korur. Uzun \u00f6m\u00fcrl\u00fc, dayan\u0131kl\u0131 ve iklim ko\u015fullar\u0131na kar\u015f\u0131 etkili \u00e7\u00f6z\u00fcmler sunar.\t\t\t\t\t\t<\/p>\r\n\t\t\t\t\t\t<a href=\"\/membran-cati-kaplama\/\" class=\"theme-btn wow fadeInUp\" data-wow-delay=\".3s\">Devam\u0131 <i class=\"fa-regular fa-arrow-right\"><\/i><\/a>\r\n\t\t\t\t\t<\/div>\r\n\t\t\t\t<\/div>\r\n\t\t\t<\/div>\r\n\t\t\t\t\r\n\t\t\t<div class=\"col-xl-4 col-lg-6 col-md-6 wow fadeInUp\" data-wow-delay=\".3s\">\r\n\t\t\t\t<div class=\"service-box-items items-bg\">\r\n\t\t\t\t\t<div class=\"service-thumb\">\r\n\t\t\t\t\t\t\t\t\t\t\t\t\t<img decoding=\"async\" src=\"https:\/\/www.ankaralicati.com.tr\/wp-content\/uploads\/2024\/08\/full-shot-roofers-working-together-with-helmets.png\" alt=\"\">\r\n\t\t\t\t\t\t\t\t\t\t\t\t<div class=\"icon\">\r\n\t\t\t\t\t\t\t\t\t\t\t\t\t<img decoding=\"async\" src=\"https:\/\/www.ankaralicati.com.tr\/wp-content\/uploads\/2024\/12\/icon-4.png\" alt=\"\">\r\n\t\t\t\t\t\t\t\t\t\t\t\t<\/div>\r\n\t\t\t\t\t<\/div>\r\n\t\t\t\t\t<div class=\"service-content\">\r\n\t\t\t\t\t\t<h2 class=\"number\"><\/h2>\r\n\t\t\t\t\t\t<h3><a href=\"\/index.php\/oluk-aktarma\/\">Oluk Aktarma<\/a><\/h3>\r\n\t\t\t\t\t\t<p>\r\n\t\t\t\t\t\t\tOluk aktarma hizmetimizle \u00e7at\u0131n\u0131zdaki ya\u011fmur suyu tahliyesini g\u00fcvenli ve sa\u011fl\u0131kl\u0131 hale getiriyoruz. Su birikintilerini \u00f6nler, yap\u0131n\u0131z\u0131 korur ve uzun \u00f6m\u00fcr sa\u011flar.\t\t\t\t\t\t<\/p>\r\n\t\t\t\t\t\t<a href=\"\/index.php\/oluk-aktarma\/\" class=\"theme-btn wow fadeInUp\" data-wow-delay=\".3s\">Devam\u0131 <i class=\"fa-regular fa-arrow-right\"><\/i><\/a>\r\n\t\t\t\t\t<\/div>\r\n\t\t\t\t<\/div>\r\n\t\t\t<\/div>\r\n\t\t\t\t\r\n\t\t\t<div class=\"col-xl-4 col-lg-6 col-md-6 wow fadeInUp\" data-wow-delay=\".3s\">\r\n\t\t\t\t<div class=\"service-box-items items-bg\">\r\n\t\t\t\t\t<div class=\"service-thumb\">\r\n\t\t\t\t\t\t\t\t\t\t\t\t\t<img decoding=\"async\" src=\"https:\/\/www.ankaralicati.com.tr\/wp-content\/uploads\/2024\/12\/male-worker-standing-step-ladder-front-house.jpg\" alt=\"\">\r\n\t\t\t\t\t\t\t\t\t\t\t\t<div class=\"icon\">\r\n\t\t\t\t\t\t\t\t\t\t\t\t\t<img decoding=\"async\" src=\"https:\/\/www.ankaralicati.com.tr\/wp-content\/uploads\/2024\/12\/icon-4.png\" alt=\"\">\r\n\t\t\t\t\t\t\t\t\t\t\t\t<\/div>\r\n\t\t\t\t\t<\/div>\r\n\t\t\t\t\t<div class=\"service-content\">\r\n\t\t\t\t\t\t<h2 class=\"number\"><\/h2>\r\n\t\t\t\t\t\t<h3><a href=\"\/index.php\/sac-cati-hizmetleri\/\">Sa\u00e7 \u00c7at\u0131 Hizmetleri<\/a><\/h3>\r\n\t\t\t\t\t\t<p>\r\n\t\t\t\t\t\t\tOluk aktarma hizmetimizle \u00e7at\u0131n\u0131zdaki ya\u011fmur suyu tahliyesini g\u00fcvenli ve sa\u011fl\u0131kl\u0131 hale getiriyoruz. Su birikintilerini \u00f6nler, yap\u0131n\u0131z\u0131 korur ve uzun \u00f6m\u00fcr sa\u011flar.\t\t\t\t\t\t<\/p>\r\n\t\t\t\t\t\t<a href=\"\/index.php\/sac-cati-hizmetleri\/\" class=\"theme-btn wow fadeInUp\" data-wow-delay=\".3s\">Devam\u0131 <i class=\"fa-regular fa-arrow-right\"><\/i><\/a>\r\n\t\t\t\t\t<\/div>\r\n\t\t\t\t<\/div>\r\n\t\t\t<\/div>\r\n\t\t\t\t\r\n\t\t\t<div class=\"col-xl-4 col-lg-6 col-md-6 wow fadeInUp\" data-wow-delay=\".3s\">\r\n\t\t\t\t<div class=\"service-box-items items-bg\">\r\n\t\t\t\t\t<div class=\"service-thumb\">\r\n\t\t\t\t\t\t\t\t\t\t\t\t\t<img decoding=\"async\" src=\"https:\/\/www.ankaralicati.com.tr\/wp-content\/uploads\/2024\/12\/2-construction-workers-install-new-roof-construction-site-electric-drill-used-new-roofs-with-concrete-roof-tiles-concept-residential-building-construction-1.png\" alt=\"\">\r\n\t\t\t\t\t\t\t\t\t\t\t\t<div class=\"icon\">\r\n\t\t\t\t\t\t\t\t\t\t\t\t\t<img decoding=\"async\" src=\"https:\/\/www.ankaralicati.com.tr\/wp-content\/uploads\/2024\/12\/icon-4.png\" alt=\"\">\r\n\t\t\t\t\t\t\t\t\t\t\t\t<\/div>\r\n\t\t\t\t\t<\/div>\r\n\t\t\t\t\t<div class=\"service-content\">\r\n\t\t\t\t\t\t<h2 class=\"number\"><\/h2>\r\n\t\t\t\t\t\t<h3><a href=\"\/index.php\/sifirdan-cati-yapimi\/\">S\u0131f\u0131rdan \u00c7at\u0131 Yap\u0131m\u0131 <\/a><\/h3>\r\n\t\t\t\t\t\t<p>\r\n\t\t\t\t\t\t\tS\u0131f\u0131rdan \u00e7at\u0131 yap\u0131m\u0131 ile binan\u0131za uygun, sa\u011flam ve estetik \u00e7at\u0131lar in\u015fa ediyoruz. Uzman ekibimizle izolasyonlu, uzun \u00f6m\u00fcrl\u00fc ve g\u00fcvenli \u00e7\u00f6z\u00fcmler sunuyoruz.\t\t\t\t\t\t<\/p>\r\n\t\t\t\t\t\t<a href=\"\/index.php\/sifirdan-cati-yapimi\/\" class=\"theme-btn wow fadeInUp\" data-wow-delay=\".3s\">Devam\u0131 <i class=\"fa-regular fa-arrow-right\"><\/i><\/a>\r\n\t\t\t\t\t<\/div>\r\n\t\t\t\t<\/div>\r\n\t\t\t<\/div>\r\n\t\t\t\t\r\n\t\t\t<div class=\"col-xl-4 col-lg-6 col-md-6 wow fadeInUp\" data-wow-delay=\".3s\">\r\n\t\t\t\t<div class=\"service-box-items items-bg\">\r\n\t\t\t\t\t<div class=\"service-thumb\">\r\n\t\t\t\t\t\t\t\t\t\t\t\t\t<img decoding=\"async\" src=\"https:\/\/www.ankaralicati.com.tr\/wp-content\/uploads\/2024\/12\/worker-installing-roof-tiles.jpg\" alt=\"\">\r\n\t\t\t\t\t\t\t\t\t\t\t\t<div class=\"icon\">\r\n\t\t\t\t\t\t\t\t\t\t\t\t\t<img decoding=\"async\" src=\"https:\/\/www.ankaralicati.com.tr\/wp-content\/uploads\/2024\/12\/icon-4.png\" alt=\"\">\r\n\t\t\t\t\t\t\t\t\t\t\t\t<\/div>\r\n\t\t\t\t\t<\/div>\r\n\t\t\t\t\t<div class=\"service-content\">\r\n\t\t\t\t\t\t<h2 class=\"number\"><\/h2>\r\n\t\t\t\t\t\t<h3><a href=\"\/index.php\/singil-cati-kaplama\/\">\u015e\u0131ng\u0131l \u00c7at\u0131 Kaplama<\/a><\/h3>\r\n\t\t\t\t\t\t<p>\r\n\t\t\t\t\t\t\t\u015e\u0131ng\u0131l \u00e7at\u0131 kaplama, estetik g\u00f6r\u00fcn\u00fcm\u00fc ve esnek yap\u0131s\u0131yla \u00f6ne \u00e7\u0131kar. Hafif ve dayan\u0131kl\u0131 malzeme sayesinde uzun \u00f6m\u00fcrl\u00fc, su ge\u00e7irmez ve modern \u00e7at\u0131 \u00e7\u00f6z\u00fcmleri sunar.\t\t\t\t\t\t<\/p>\r\n\t\t\t\t\t\t<a href=\"\/index.php\/singil-cati-kaplama\/\" class=\"theme-btn wow fadeInUp\" data-wow-delay=\".3s\">Devam\u0131 <i class=\"fa-regular fa-arrow-right\"><\/i><\/a>\r\n\t\t\t\t\t<\/div>\r\n\t\t\t\t<\/div>\r\n\t\t\t<\/div>\r\n\t\t\t\t\t<\/div>\r\n\r\n\t\t\t\r\n\r\n             \r\n\t\t\t\t\t\t<\/div>\n\t\t\t\t<\/div>\n\t\t\t\t\t<\/div>\n\t\t\t\t<\/div>\n\t\t\t\t<\/div>\n\t\t","protected":false},"excerpt":{"rendered":"<p>\u00c7at\u0131 Tadilatlar\u0131 \u00c7at\u0131 tadilatlar\u0131, yap\u0131n\u0131z\u0131n g\u00fcvenli\u011fi ve konforu i\u00e7in hayati \u00f6neme sahip olup, eskiyen veya hasar g\u00f6ren \u00e7at\u0131 b\u00f6l\u00fcmlerinin yenilenmesini ve g\u00fc\u00e7lendirilmesini sa\u011flar. Devam\u0131 \u00c7at\u0131 Temizleme \u00c7at\u0131 temizleme i\u015flemi, su birikintisi, yosun ve kir olu\u015fumunu \u00f6nleyerek \u00e7at\u0131n\u0131z\u0131n \u00f6mr\u00fcn\u00fc uzat\u0131r, yap\u0131n\u0131z\u0131 korur ve estetik g\u00f6r\u00fcn\u00fcm\u00fcn\u00fc yeniden kazand\u0131r\u0131r. Devam\u0131 \u00c7at\u0131 \u0130\u015fleri Kiremit \u00e7at\u0131 i\u015fleri, estetik ve dayan\u0131kl\u0131l\u0131\u011f\u0131<\/p>\n","protected":false},"author":1,"featured_media":0,"parent":0,"menu_order":0,"comment_status":"closed","ping_status":"closed","template":"elementor_header_footer","meta":{"inline_featured_image":false,"_monsterinsights_skip_tracking":false,"_monsterinsights_sitenote_active":false,"_monsterinsights_sitenote_note":"","_monsterinsights_sitenote_category":0,"footnotes":""},"class_list":["post-1001","page","type-page","status-publish","hentry"],"aioseo_notices":[],"_links":{"self":[{"href":"https:\/\/www.ankaralicati.com.tr\/index.php\/wp-json\/wp\/v2\/pages\/1001","targetHints":{"allow":["GET"]}}],"collection":[{"href":"https:\/\/www.ankaralicati.com.tr\/index.php\/wp-json\/wp\/v2\/pages"}],"about":[{"href":"https:\/\/www.ankaralicati.com.tr\/index.php\/wp-json\/wp\/v2\/types\/page"}],"author":[{"embeddable":true,"href":"https:\/\/www.ankaralicati.com.tr\/index.php\/wp-json\/wp\/v2\/users\/1"}],"replies":[{"embeddable":true,"href":"https:\/\/www.ankaralicati.com.tr\/index.php\/wp-json\/wp\/v2\/comments?post=1001"}],"version-history":[{"count":4,"href":"https:\/\/www.ankaralicati.com.tr\/index.php\/wp-json\/wp\/v2\/pages\/1001\/revisions"}],"predecessor-version":[{"id":10952,"href":"https:\/\/www.ankaralicati.com.tr\/index.php\/wp-json\/wp\/v2\/pages\/1001\/revisions\/10952"}],"wp:attachment":[{"href":"https:\/\/www.ankaralicati.com.tr\/index.php\/wp-json\/wp\/v2\/media?parent=1001"}],"curies":[{"name":"wp","href":"https:\/\/api.w.org\/{rel}","templated":true}]}}