{"id":1063,"date":"2024-08-14T11:41:43","date_gmt":"2024-08-14T11:41:43","guid":{"rendered":"https:\/\/gramentheme.com\/wp\/xbuild\/?page_id=1063"},"modified":"2025-05-28T07:00:47","modified_gmt":"2025-05-28T07:00:47","slug":"hakkimda","status":"publish","type":"page","link":"https:\/\/www.ankaralicati.com.tr\/index.php\/hakkimda\/","title":{"rendered":"Hakk\u0131mda"},"content":{"rendered":"\t\t<div data-elementor-type=\"wp-page\" data-elementor-id=\"1063\" class=\"elementor elementor-1063\">\n\t\t\t\t<div class=\"elementor-element elementor-element-4e37d2c e-flex e-con-boxed e-con e-parent\" data-id=\"4e37d2c\" data-element_type=\"container\">\n\t\t\t\t\t<div class=\"e-con-inner\">\n\t\t\t\t<div class=\"elementor-element elementor-element-481df54 elementor-absolute float-bob-x elementor-hidden-tablet elementor-hidden-mobile elementor-widget elementor-widget-image\" data-id=\"481df54\" data-element_type=\"widget\" data-settings=\"{&quot;_position&quot;:&quot;absolute&quot;}\" data-widget_type=\"image.default\">\n\t\t\t\t<div class=\"elementor-widget-container\">\n\t\t\t\t\t\t\t\t\t\t\t\t\t\t\t<img decoding=\"async\" src=\"http:\/\/gramentheme.com\/wp\/ehome\/wp-content\/uploads\/2024\/10\/about-shape-1.png\" title=\"\" alt=\"\" loading=\"lazy\" \/>\t\t\t\t\t\t\t\t\t\t\t\t\t\t\t<\/div>\n\t\t\t\t<\/div>\n\t\t<div class=\"elementor-element elementor-element-fc128bf e-con-full e-flex e-con e-child\" data-id=\"fc128bf\" data-element_type=\"container\">\n\t\t\t\t<div class=\"elementor-element elementor-element-158e274 elementor-widget elementor-widget-ehome-theme-image-box-widget\" data-id=\"158e274\" data-element_type=\"widget\" data-widget_type=\"ehome-theme-image-box-widget.default\">\n\t\t\t\t<div class=\"elementor-widget-container\">\n\t\t\t\t\t\r\n\t\r\n\r\n    <div class=\"about-wrapper\">\r\n\t\t<div class=\"about-image\">\r\n\t\t\t   \r\n\t\t\t\t<img decoding=\"async\" class=\"wow fadeInLeft\" data-wow-delay=\".3s\" src=\"https:\/\/www.ankaralicati.com.tr\/wp-content\/uploads\/2024\/12\/project-1.jpg\" alt=\"\"\/>\r\n\t\t\t\t\t\t<div class=\"about-image-2 wow fadeInUp\" data-wow-delay=\".5s\">\r\n\t\t\t   \r\n\t\t\t\t<img decoding=\"async\" src=\"https:\/\/www.ankaralicati.com.tr\/wp-content\/uploads\/2024\/12\/project-3.jpg\" alt=\"\"\/>\r\n\t\t\t\t\t\t\t<div class=\"video-box\">\r\n\t\t\t\t\t<a href=\"https:\/\/www.youtube.com\/watch?v=Cn4G2lZ_g2I\" class=\"video-btn video-popup\">\r\n\t\t\t\t\t\t<i class=\"fas fa-play\"><\/i>\r\n\t\t\t\t\t<\/a>\r\n\t\t\t\t<\/div>\r\n\t\t\t<\/div>\r\n\t\t\t<div class=\"about-line-shape\">\r\n\t\t\t   \r\n\t\t\t\t<img decoding=\"async\" src=\"https:\/\/www.ankaralicati.com.tr\/wp-content\/uploads\/2024\/12\/about-shape-3.png\" alt=\"\"\/>\r\n\t\t\t\t\t\t<\/div>\r\n\t\t<\/div>\r\n    <\/div>\r\n\r\n\t\r\n\r\n             \r\n\t\t\t\t\t\t<\/div>\n\t\t\t\t<\/div>\n\t\t\t\t<\/div>\n\t\t<div class=\"elementor-element elementor-element-759fef3 e-con-full e-flex e-con e-child\" data-id=\"759fef3\" data-element_type=\"container\">\n\t\t\t\t<div class=\"elementor-element elementor-element-30f56aa elementor-widget elementor-widget-ehome-heading-title-widget\" data-id=\"30f56aa\" data-element_type=\"widget\" data-widget_type=\"ehome-heading-title-widget.default\">\n\t\t\t\t<div class=\"elementor-widget-container\">\n\t\t\t\t\t\r\n\t\r\n\r\n<div class=\"section-title m-0\">\r\n\t<h6 class=\"wow fadeInUp\"><i class=\"fa-regular fa-arrow-left-long\"><\/i>Hakk\u0131nda<i class=\"fa-regular fa-arrow-right-long\"><\/i><\/h6>\t\r\n<\/div>\r\n\r\n\t\r\n\r\n             \r\n\t\t\t\t\t\t<\/div>\n\t\t\t\t<\/div>\n\t\t\t\t<div class=\"elementor-element elementor-element-2722d57 elementor-widget elementor-widget-text-editor\" data-id=\"2722d57\" data-element_type=\"widget\" data-widget_type=\"text-editor.default\">\n\t\t\t\t<div class=\"elementor-widget-container\">\n\t\t\t\t\t\t\t\t\t<p data-start=\"207\" data-end=\"572\"><strong data-start=\"207\" data-end=\"224\">Ankaral\u0131 \u00c7at\u0131<\/strong>, y\u0131llar\u0131n deneyimi ve uzman ekibiyle Ankara ba\u015fta olmak \u00fczere T\u00fcrkiye genelinde <strong data-start=\"305\" data-end=\"324\">\u00e7at\u0131 sistemleri<\/strong> alan\u0131nda kaliteli, g\u00fcvenilir ve uzun \u00f6m\u00fcrl\u00fc \u00e7\u00f6z\u00fcmler sunmaktad\u0131r. Kuruldu\u011fumuz g\u00fcnden bu yana, estetik ve dayan\u0131kl\u0131l\u0131\u011f\u0131 bir araya getiren \u00e7at\u0131 uygulamalar\u0131m\u0131zla hem bireysel hem de kurumsal m\u00fc\u015fterilerimizin beklentilerini kar\u015f\u0131lamay\u0131 hedefliyoruz.<\/p><p data-start=\"574\" data-end=\"597\"><strong data-start=\"574\" data-end=\"597\">Hizmet Alanlar\u0131m\u0131z:<\/strong><\/p><ul data-start=\"598\" data-end=\"829\"><li data-start=\"598\" data-end=\"624\"><p data-start=\"600\" data-end=\"624\">\u00c7at\u0131 yap\u0131m\u0131 ve onar\u0131m\u0131<\/p><\/li><li data-start=\"625\" data-end=\"660\"><p data-start=\"627\" data-end=\"660\">Is\u0131 ve su yal\u0131t\u0131m\u0131 uygulamalar\u0131<\/p><\/li><li data-start=\"661\" data-end=\"721\"><p data-start=\"663\" data-end=\"721\">Kiremit, shingle, membran, sandvi\u00e7 panel \u00e7at\u0131 sistemleri<\/p><\/li><li data-start=\"722\" data-end=\"776\"><p data-start=\"724\" data-end=\"776\">Ya\u011fmur oluklar\u0131, \u00e7at\u0131 kaplamalar\u0131, baca izolasyonu<\/p><\/li><li data-start=\"777\" data-end=\"829\"><p data-start=\"779\" data-end=\"829\">End\u00fcstriyel tesisler ve villa \u00e7at\u0131s\u0131 projelendirme<\/p><\/li><li data-start=\"777\" data-end=\"829\"><p data-start=\"831\" data-end=\"1087\">Ankaral\u0131 \u00c7at\u0131 olarak her projeye \u00f6zel \u00e7\u00f6z\u00fcmler \u00fcretiyor, y\u00fcksek kaliteli malzeme kullan\u0131m\u0131 ve i\u015f\u00e7ilikle yap\u0131lar\u0131n\u0131z\u0131n \u00f6mr\u00fcn\u00fc uzat\u0131yoruz. <strong data-start=\"968\" data-end=\"1023\">M\u00fc\u015fteri memnuniyetini \u00f6n planda tutan anlay\u0131\u015f\u0131m\u0131zla<\/strong>, i\u015fimizi zaman\u0131nda ve eksiksiz teslim etmeye \u00f6zen g\u00f6steriyoruz.<\/p><p data-start=\"1089\" data-end=\"1230\"><strong data-start=\"1089\" data-end=\"1113\">Neden Ankaral\u0131 \u00c7at\u0131?<\/strong><br \/>\u2705 Uzman kadro<br data-start=\"1127\" data-end=\"1130\" \/>\u2705 Uygun fiyat politikas\u0131<br data-start=\"1154\" data-end=\"1157\" \/>\u2705 Uzun \u00f6m\u00fcrl\u00fc \u00e7at\u0131 \u00e7\u00f6z\u00fcmleri<br data-start=\"1185\" data-end=\"1188\" \/>\u2705 Garantili i\u015f\u00e7ilik<br data-start=\"1207\" data-end=\"1210\" \/>\u2705 Zaman\u0131nda teslimat<\/p><\/li><\/ul>\t\t\t\t\t\t\t\t<\/div>\n\t\t\t\t<\/div>\n\t\t<div class=\"elementor-element elementor-element-f51e39c e-con-full e-flex e-con e-child\" data-id=\"f51e39c\" data-element_type=\"container\">\n\t\t\t\t<\/div>\n\t\t\t\t<\/div>\n\t\t\t\t\t<\/div>\n\t\t\t\t<\/div>\n\t\t<div class=\"elementor-element elementor-element-f62a3e4 e-flex e-con-boxed e-con e-parent\" data-id=\"f62a3e4\" data-element_type=\"container\">\n\t\t\t\t\t<div class=\"e-con-inner\">\n\t\t<div class=\"elementor-element elementor-element-155333c e-con-full e-flex e-con e-child\" data-id=\"155333c\" data-element_type=\"container\" data-settings=\"{&quot;background_background&quot;:&quot;classic&quot;}\">\n\t\t<div class=\"elementor-element elementor-element-4f82975 e-con-full e-flex e-con e-child\" data-id=\"4f82975\" data-element_type=\"container\">\n\t\t\t\t<div class=\"elementor-element elementor-element-ea948d6 elementor-widget elementor-widget-heading\" data-id=\"ea948d6\" data-element_type=\"widget\" data-widget_type=\"heading.default\">\n\t\t\t\t<div class=\"elementor-widget-container\">\n\t\t\t\t\t<h2 class=\"elementor-heading-title elementor-size-default\">T\u00fcm \u00dcst\u00fcn Hizmet \u00c7\u00f6z\u00fcmlerini Sunuyoruz<\/h2>\t\t\t\t<\/div>\n\t\t\t\t<\/div>\n\t\t\t\t<div class=\"elementor-element elementor-element-de1c94f elementor-widget elementor-widget-ehome-theme-button-widget\" data-id=\"de1c94f\" data-element_type=\"widget\" data-widget_type=\"ehome-theme-button-widget.default\">\n\t\t\t\t<div class=\"elementor-widget-container\">\n\t\t\t\t\t\r\n\t\r\n\r\n    <a href=\"\/wp\/ehome\/contact-us\" class=\"theme-btn bg-white\">\r\n\t\t\u0130leti\u015fim\t\t<i class=\"fa-regular fa-arrow-right\"><\/i>\r\n\t<\/a>\r\n\r\n\t\r\n\r\n             \r\n\t\t\t\t\t\t<\/div>\n\t\t\t\t<\/div>\n\t\t\t\t<\/div>\n\t\t<div class=\"elementor-element elementor-element-578130c e-con-full e-flex e-con e-child\" data-id=\"578130c\" data-element_type=\"container\" data-settings=\"{&quot;background_background&quot;:&quot;classic&quot;}\">\n\t\t\t\t<div class=\"elementor-element elementor-element-3c7ad36 elementor-widget elementor-widget-image\" data-id=\"3c7ad36\" data-element_type=\"widget\" data-widget_type=\"image.default\">\n\t\t\t\t<div class=\"elementor-widget-container\">\n\t\t\t\t\t\t\t\t\t\t\t\t\t\t\t<img fetchpriority=\"high\" decoding=\"async\" width=\"223\" height=\"256\" src=\"https:\/\/www.ankaralicati.com.tr\/wp-content\/uploads\/2024\/12\/cta-img.png\" class=\"attachment-large size-large wp-image-2321\" alt=\"\" \/>\t\t\t\t\t\t\t\t\t\t\t\t\t\t\t<\/div>\n\t\t\t\t<\/div>\n\t\t\t\t<\/div>\n\t\t\t\t<\/div>\n\t\t\t\t\t<\/div>\n\t\t\t\t<\/div>\n\t\t\t\t<\/div>\n\t\t","protected":false},"excerpt":{"rendered":"<p>Hakk\u0131nda Ankaral\u0131 \u00c7at\u0131, y\u0131llar\u0131n deneyimi ve uzman ekibiyle Ankara ba\u015fta olmak \u00fczere T\u00fcrkiye genelinde \u00e7at\u0131 sistemleri alan\u0131nda kaliteli, g\u00fcvenilir ve uzun \u00f6m\u00fcrl\u00fc \u00e7\u00f6z\u00fcmler sunmaktad\u0131r. Kuruldu\u011fumuz g\u00fcnden bu yana, estetik ve dayan\u0131kl\u0131l\u0131\u011f\u0131 bir araya getiren \u00e7at\u0131 uygulamalar\u0131m\u0131zla hem bireysel hem de kurumsal m\u00fc\u015fterilerimizin beklentilerini kar\u015f\u0131lamay\u0131 hedefliyoruz. Hizmet Alanlar\u0131m\u0131z: \u00c7at\u0131 yap\u0131m\u0131 ve onar\u0131m\u0131 Is\u0131 ve su yal\u0131t\u0131m\u0131<\/p>\n","protected":false},"author":1,"featured_media":0,"parent":0,"menu_order":0,"comment_status":"closed","ping_status":"closed","template":"elementor_header_footer","meta":{"inline_featured_image":false,"_monsterinsights_skip_tracking":false,"_monsterinsights_sitenote_active":false,"_monsterinsights_sitenote_note":"","_monsterinsights_sitenote_category":0,"footnotes":""},"class_list":["post-1063","page","type-page","status-publish","hentry"],"aioseo_notices":[],"_links":{"self":[{"href":"https:\/\/www.ankaralicati.com.tr\/index.php\/wp-json\/wp\/v2\/pages\/1063","targetHints":{"allow":["GET"]}}],"collection":[{"href":"https:\/\/www.ankaralicati.com.tr\/index.php\/wp-json\/wp\/v2\/pages"}],"about":[{"href":"https:\/\/www.ankaralicati.com.tr\/index.php\/wp-json\/wp\/v2\/types\/page"}],"author":[{"embeddable":true,"href":"https:\/\/www.ankaralicati.com.tr\/index.php\/wp-json\/wp\/v2\/users\/1"}],"replies":[{"embeddable":true,"href":"https:\/\/www.ankaralicati.com.tr\/index.php\/wp-json\/wp\/v2\/comments?post=1063"}],"version-history":[{"count":7,"href":"https:\/\/www.ankaralicati.com.tr\/index.php\/wp-json\/wp\/v2\/pages\/1063\/revisions"}],"predecessor-version":[{"id":10887,"href":"https:\/\/www.ankaralicati.com.tr\/index.php\/wp-json\/wp\/v2\/pages\/1063\/revisions\/10887"}],"wp:attachment":[{"href":"https:\/\/www.ankaralicati.com.tr\/index.php\/wp-json\/wp\/v2\/media?parent=1063"}],"curies":[{"name":"wp","href":"https:\/\/api.w.org\/{rel}","templated":true}]}}