{"id":10907,"date":"2025-05-28T07:29:54","date_gmt":"2025-05-28T07:29:54","guid":{"rendered":"https:\/\/www.ankaralicati.com.tr\/?page_id=10907"},"modified":"2025-05-28T07:34:01","modified_gmt":"2025-05-28T07:34:01","slug":"cati-tamiri-ve-temizleme","status":"publish","type":"page","link":"https:\/\/www.ankaralicati.com.tr\/index.php\/cati-tamiri-ve-temizleme\/","title":{"rendered":"\u00c7at\u0131 Tamiri ve Temizleme"},"content":{"rendered":"\t\t<div data-elementor-type=\"wp-page\" data-elementor-id=\"10907\" class=\"elementor elementor-10907\">\n\t\t\t\t<div class=\"elementor-element elementor-element-65d813a e-flex e-con-boxed e-con e-parent\" data-id=\"65d813a\" data-element_type=\"container\">\n\t\t\t\t\t<div class=\"e-con-inner\">\n\t\t\t\t<div class=\"elementor-element elementor-element-601797a elementor-widget elementor-widget-text-editor\" data-id=\"601797a\" data-element_type=\"widget\" data-widget_type=\"text-editor.default\">\n\t\t\t\t<div class=\"elementor-widget-container\">\n\t\t\t\t\t\t\t\t\t<h2 data-start=\"267\" data-end=\"350\">Konya\u2019da \u00c7at\u0131 Tamiri ve Temizleme Hizmetleri \u2013 Ankaral\u0131 \u00c7at\u0131 Ustas\u0131 G\u00fcvencesiyle<\/h2><p>\u00a0<\/p><p data-start=\"352\" data-end=\"696\">Konya\u2019da kaliteli ve g\u00fcvenilir \u00e7at\u0131 tamiri ve \u00e7at\u0131 temizleme hizmeti mi ar\u0131yorsunuz? <strong data-start=\"437\" data-end=\"475\">Ankaral\u0131 \u00c7at\u0131 ve \u0130n\u015faat Hizmetleri<\/strong> olarak, Konya genelinde uzun \u00f6m\u00fcrl\u00fc, dayan\u0131kl\u0131 ve profesyonel \u00e7at\u0131 \u00e7\u00f6z\u00fcmleri sunuyoruz. Ankara merkezli firmam\u0131z, y\u0131llar\u0131n verdi\u011fi tecr\u00fcbe ile Konya\u2019daki bireysel ve kurumsal m\u00fc\u015fterilerine de uzman deste\u011fi sa\u011flamaktad\u0131r.<\/p><p data-start=\"352\" data-end=\"696\">\u00a0<\/p><h3 data-start=\"698\" data-end=\"730\">\u00c7at\u0131 Tamiri Neden \u00d6nemlidir?<\/h3><p>\u00a0<\/p><p data-start=\"732\" data-end=\"1060\">\u00c7at\u0131lar, yap\u0131n\u0131n en \u00fcst katman\u0131d\u0131r ve d\u0131\u015f etkenlere kar\u015f\u0131 ilk savunma hatt\u0131d\u0131r. Ya\u011fmur, kar, r\u00fczgar, don ve g\u00fcne\u015f \u0131\u015f\u0131nlar\u0131 gibi do\u011fa ko\u015fullar\u0131 zamanla \u00e7at\u0131 sistemlerinde hasara yol a\u00e7abilir. Bu t\u00fcr hasarlar zaman\u0131nda onar\u0131lmazsa, su s\u0131z\u0131nt\u0131lar\u0131, \u0131s\u0131 kayb\u0131, rutubet, k\u00fcf ve yap\u0131sal bozulmalar gibi ciddi sorunlara neden olabilir.<\/p><p data-start=\"1062\" data-end=\"1158\"><strong data-start=\"1062\" data-end=\"1137\">Ankaral\u0131 \u00e7at\u0131 firmas\u0131 olarak Konya\u2019da sundu\u011fumuz \u00e7at\u0131 tamiri hizmetleri<\/strong>, \u015fu ad\u0131mlar\u0131 i\u00e7erir:<\/p><ul data-start=\"1160\" data-end=\"1364\"><li data-start=\"1160\" data-end=\"1220\"><p data-start=\"1162\" data-end=\"1220\">K\u0131r\u0131k ve \u00e7atlak kiremitlerin onar\u0131m\u0131 veya de\u011fi\u015ftirilmesi<\/p><\/li><li data-start=\"1221\" data-end=\"1263\"><p data-start=\"1223\" data-end=\"1263\">Su yal\u0131t\u0131m\u0131 problemlerinin giderilmesi<\/p><\/li><li data-start=\"1264\" data-end=\"1301\"><p data-start=\"1266\" data-end=\"1301\">Oluk ve dere sistemlerinin tamiri<\/p><\/li><li data-start=\"1302\" data-end=\"1331\"><p data-start=\"1304\" data-end=\"1331\">\u00c7at\u0131 iskeleti g\u00fc\u00e7lendirme<\/p><\/li><li data-start=\"1332\" data-end=\"1364\"><p data-start=\"1334\" data-end=\"1364\">Is\u0131 yal\u0131t\u0131m\u0131 iyile\u015ftirmeleri<\/p><\/li><\/ul><p data-start=\"1366\" data-end=\"1459\">Uzman ekibimiz, \u00e7at\u0131n\u0131zdaki sorunlar\u0131 yerinde tespit eder ve en uygun \u00e7\u00f6z\u00fcm\u00fc h\u0131zl\u0131ca uygular.<\/p><p data-start=\"1366\" data-end=\"1459\">\u00a0<\/p><hr data-start=\"1461\" data-end=\"1464\" \/><h3 data-start=\"1466\" data-end=\"1513\">\u00c7at\u0131 Temizleme Hizmeti ile Yap\u0131n\u0131z\u0131 Koruyun<\/h3><p>\u00a0<\/p><p data-start=\"1515\" data-end=\"1812\">Zamanla \u00e7at\u0131 y\u00fczeylerinde biriken yaprak, toz, \u00e7amur, yosun ve ku\u015f pislikleri; \u00e7at\u0131n\u0131z\u0131n hem g\u00f6r\u00fcn\u00fcm\u00fcn\u00fc bozar hem de yap\u0131sal \u00f6mr\u00fcn\u00fc k\u0131salt\u0131r. \u00d6zellikle Konya gibi tozlu b\u00f6lgelerde d\u00fczenli \u00e7at\u0131 temizli\u011fi b\u00fcy\u00fck \u00f6nem ta\u015f\u0131r. Ayr\u0131ca t\u0131kanan ya\u011fmur oluklar\u0131, suyun \u00e7at\u0131ya zarar vermesine neden olabilir.<\/p><p data-start=\"1814\" data-end=\"1874\"><strong data-start=\"1814\" data-end=\"1852\">Konya\u2019da \u00e7at\u0131 temizli\u011fi hizmetimiz<\/strong>, \u015fu i\u015flemleri kapsar:<\/p><ul data-start=\"1876\" data-end=\"2055\"><li data-start=\"1876\" data-end=\"1923\"><p data-start=\"1878\" data-end=\"1923\">Kiremit ve \u00e7at\u0131 y\u00fczeyinin detayl\u0131 temizli\u011fi<\/p><\/li><li data-start=\"1924\" data-end=\"1960\"><p data-start=\"1926\" data-end=\"1960\">Oluk ve su giderlerinin a\u00e7\u0131lmas\u0131<\/p><\/li><li data-start=\"1961\" data-end=\"2001\"><p data-start=\"1963\" data-end=\"2001\">Yosun ve mantar olu\u015fumunun \u00f6nlenmesi<\/p><\/li><li data-start=\"2002\" data-end=\"2055\"><p data-start=\"2004\" data-end=\"2055\">Temizlik sonras\u0131 \u00e7at\u0131 kontrol\u00fc ve bak\u0131m \u00f6nerileri<\/p><\/li><\/ul><p>\u00a0<\/p><hr data-start=\"2057\" data-end=\"2060\" \/><h3 data-start=\"2062\" data-end=\"2107\">Neden Ankaral\u0131 \u00c7at\u0131 ve \u0130n\u015faat Hizmetleri?<\/h3><p>\u00a0<\/p><p data-start=\"2109\" data-end=\"2310\">\u2705 Ankara merkezli uzman ekip<br data-start=\"2137\" data-end=\"2140\" \/>\u2705 Konya\u2019da yerinde ke\u015fif ve hizmet<br data-start=\"2174\" data-end=\"2177\" \/>\u2705 Uygun fiyat garantisi<br data-start=\"2200\" data-end=\"2203\" \/>\u2705 H\u0131zl\u0131, temiz ve g\u00fcvenli i\u015f\u00e7ilik<br data-start=\"2236\" data-end=\"2239\" \/>\u2705 Kaliteli malzeme ve uzun \u00f6m\u00fcrl\u00fc \u00e7\u00f6z\u00fcmler<br data-start=\"2281\" data-end=\"2284\" \/>\u2705 %100 m\u00fc\u015fteri memnuniyeti<\/p><p data-start=\"2312\" data-end=\"2450\">Biz sadece \u00e7at\u0131n\u0131z\u0131 onarm\u0131yoruz; ayn\u0131 zamanda sizi olas\u0131 b\u00fcy\u00fck masraflardan koruyoruz. Her i\u015fimizi kendi evimiz gibi titizlikle yap\u0131yoruz.<\/p><hr data-start=\"2452\" data-end=\"2455\" \/><h3 data-start=\"2457\" data-end=\"2495\">\u00a0<\/h3><h3 data-start=\"2457\" data-end=\"2495\">Hangi B\u00f6lgelerde Hizmet Veriyoruz?<\/h3><p>\u00a0<\/p><p data-start=\"2497\" data-end=\"2705\">Konya merkez ba\u015fta olmak \u00fczere; <strong data-start=\"2529\" data-end=\"2541\">Sel\u00e7uklu<\/strong>, <strong data-start=\"2543\" data-end=\"2554\">Karatay<\/strong>, <strong data-start=\"2556\" data-end=\"2565\">Meram<\/strong> ve \u00e7evre il\u00e7elerde \u00e7at\u0131 tamiri ve temizli\u011fi hizmeti sunmaktay\u0131z. Ayr\u0131ca i\u015fin niteli\u011fine g\u00f6re \u015fehir d\u0131\u015f\u0131 talepleri de de\u011ferlendirebiliyoruz.<\/p><hr data-start=\"2707\" data-end=\"2710\" \/><h3 data-start=\"2712\" data-end=\"2739\">\u00a0<\/h3><h3 data-start=\"2712\" data-end=\"2739\">Teklif Almak \u00c7ok Kolay!<\/h3><p>\u00a0<\/p><p data-start=\"2741\" data-end=\"2915\">\u00c7at\u0131n\u0131zda bir sorun mu var? Ya\u011fmurdan sonra su s\u0131z\u0131nt\u0131s\u0131 m\u0131 ba\u015flad\u0131? Endi\u015felenmeyin! Bize ula\u015f\u0131n, \u00fccretsiz ke\u015fifle \u00e7at\u0131n\u0131z\u0131 inceleyelim ve sizin i\u00e7in en uygun \u00e7\u00f6z\u00fcm\u00fc sunal\u0131m.<\/p><p data-start=\"2917\" data-end=\"3031\">\ud83d\udcde <strong data-start=\"2920\" data-end=\"2933\">\u0130leti\u015fim:<\/strong> 0 505 080 97 11<br data-start=\"2953\" data-end=\"2956\" \/>\ud83d\udccd <strong data-start=\"2959\" data-end=\"2978\">Hizmet Noktas\u0131:<\/strong> Konya ve \u00e7evresi<br data-start=\"2995\" data-end=\"2998\" \/>\ud83c\udf10 <strong data-start=\"3001\" data-end=\"3009\">Web:<\/strong> [ankaralicati.com.tr]<\/p>\t\t\t\t\t\t\t\t<\/div>\n\t\t\t\t<\/div>\n\t\t\t\t\t<\/div>\n\t\t\t\t<\/div>\n\t\t\t\t<\/div>\n\t\t","protected":false},"excerpt":{"rendered":"<p>Konya\u2019da \u00c7at\u0131 Tamiri ve Temizleme Hizmetleri \u2013 Ankaral\u0131 \u00c7at\u0131 Ustas\u0131 G\u00fcvencesiyle \u00a0 Konya\u2019da kaliteli ve g\u00fcvenilir \u00e7at\u0131 tamiri ve \u00e7at\u0131 temizleme hizmeti mi ar\u0131yorsunuz? Ankaral\u0131 \u00c7at\u0131 ve \u0130n\u015faat Hizmetleri olarak, Konya genelinde uzun \u00f6m\u00fcrl\u00fc, dayan\u0131kl\u0131 ve profesyonel \u00e7at\u0131 \u00e7\u00f6z\u00fcmleri sunuyoruz. Ankara merkezli firmam\u0131z, y\u0131llar\u0131n verdi\u011fi tecr\u00fcbe ile Konya\u2019daki bireysel ve kurumsal m\u00fc\u015fterilerine de uzman deste\u011fi<\/p>\n","protected":false},"author":1,"featured_media":0,"parent":0,"menu_order":0,"comment_status":"closed","ping_status":"closed","template":"elementor_header_footer","meta":{"inline_featured_image":false,"_monsterinsights_skip_tracking":false,"_monsterinsights_sitenote_active":false,"_monsterinsights_sitenote_note":"","_monsterinsights_sitenote_category":0,"footnotes":""},"class_list":["post-10907","page","type-page","status-publish","hentry"],"aioseo_notices":[],"_links":{"self":[{"href":"https:\/\/www.ankaralicati.com.tr\/index.php\/wp-json\/wp\/v2\/pages\/10907","targetHints":{"allow":["GET"]}}],"collection":[{"href":"https:\/\/www.ankaralicati.com.tr\/index.php\/wp-json\/wp\/v2\/pages"}],"about":[{"href":"https:\/\/www.ankaralicati.com.tr\/index.php\/wp-json\/wp\/v2\/types\/page"}],"author":[{"embeddable":true,"href":"https:\/\/www.ankaralicati.com.tr\/index.php\/wp-json\/wp\/v2\/users\/1"}],"replies":[{"embeddable":true,"href":"https:\/\/www.ankaralicati.com.tr\/index.php\/wp-json\/wp\/v2\/comments?post=10907"}],"version-history":[{"count":4,"href":"https:\/\/www.ankaralicati.com.tr\/index.php\/wp-json\/wp\/v2\/pages\/10907\/revisions"}],"predecessor-version":[{"id":10912,"href":"https:\/\/www.ankaralicati.com.tr\/index.php\/wp-json\/wp\/v2\/pages\/10907\/revisions\/10912"}],"wp:attachment":[{"href":"https:\/\/www.ankaralicati.com.tr\/index.php\/wp-json\/wp\/v2\/media?parent=10907"}],"curies":[{"name":"wp","href":"https:\/\/api.w.org\/{rel}","templated":true}]}}