{"id":10913,"date":"2025-05-28T07:36:33","date_gmt":"2025-05-28T07:36:33","guid":{"rendered":"https:\/\/www.ankaralicati.com.tr\/?page_id=10913"},"modified":"2025-05-28T07:37:45","modified_gmt":"2025-05-28T07:37:45","slug":"oluk-aktarma","status":"publish","type":"page","link":"https:\/\/www.ankaralicati.com.tr\/index.php\/oluk-aktarma\/","title":{"rendered":"Oluk Aktarma"},"content":{"rendered":"\t\t<div data-elementor-type=\"wp-page\" data-elementor-id=\"10913\" class=\"elementor elementor-10913\">\n\t\t\t\t<div class=\"elementor-element elementor-element-3e6397b e-flex e-con-boxed e-con e-parent\" data-id=\"3e6397b\" data-element_type=\"container\">\n\t\t\t\t\t<div class=\"e-con-inner\">\n\t\t\t\t<div class=\"elementor-element elementor-element-0a99f34 elementor-widget elementor-widget-heading\" data-id=\"0a99f34\" data-element_type=\"widget\" data-widget_type=\"heading.default\">\n\t\t\t\t<div class=\"elementor-widget-container\">\n\t\t\t\t\t<h2 class=\"elementor-heading-title elementor-size-default\">Konya'da Oluk Aktarma Hizmetleri \u2013 Ankaral\u0131 \u00c7at\u0131 Ustalar\u0131ndan Profesyonel \u00c7\u00f6z\u00fcmler\n<\/h2>\t\t\t\t<\/div>\n\t\t\t\t<\/div>\n\t\t\t\t\t<\/div>\n\t\t\t\t<\/div>\n\t\t<div class=\"elementor-element elementor-element-ef55375 e-flex e-con-boxed e-con e-parent\" data-id=\"ef55375\" data-element_type=\"container\">\n\t\t\t\t\t<div class=\"e-con-inner\">\n\t\t\t\t<div class=\"elementor-element elementor-element-0b06886 elementor-widget elementor-widget-text-editor\" data-id=\"0b06886\" data-element_type=\"widget\" data-widget_type=\"text-editor.default\">\n\t\t\t\t<div class=\"elementor-widget-container\">\n\t\t\t\t\t\t\t\t\t<p data-start=\"301\" data-end=\"832\">Konya\u2019da \u00e7at\u0131 sistemlerinin dayan\u0131kl\u0131l\u0131\u011f\u0131 ve uzun \u00f6m\u00fcrl\u00fc olmas\u0131 i\u00e7in en \u00f6nemli unsurlardan biri, suyun yap\u0131dan do\u011fru bir \u015fekilde tahliye edilmesidir. Bunun i\u00e7in kullan\u0131lan en etkili sistem ise oluklard\u0131r. Ancak zamanla eskiyen, paslanan veya i\u015flevini yitiren oluklar, binan\u0131zda su s\u0131z\u0131nt\u0131s\u0131na, nem ve rutubet olu\u015fumuna yol a\u00e7abilir. Bu gibi durumlarda <strong data-start=\"653\" data-end=\"669\">oluk aktarma<\/strong> i\u015flemi ka\u00e7\u0131n\u0131lmaz hale gelir. Ankaral\u0131 \u00e7at\u0131 ustalar\u0131 olarak, <strong data-start=\"731\" data-end=\"756\">Konya\u2019da oluk aktarma<\/strong> hizmetini profesyonel ekipmanlar ve deneyimli kadromuzla g\u00fcvenle sunuyoruz.<\/p><hr data-start=\"834\" data-end=\"837\" \/><h3 data-start=\"839\" data-end=\"862\">Oluk Aktarma Nedir?<\/h3><p data-start=\"864\" data-end=\"1294\"><strong data-start=\"864\" data-end=\"880\">Oluk aktarma<\/strong>, eski ve i\u015flevini yitirmi\u015f ya\u011fmur oluklar\u0131n\u0131n yerinden s\u00f6k\u00fclerek, yerine yeni ve sa\u011flam oluklar\u0131n monte edilmesidir. Bu i\u015flem yaln\u0131zca g\u00f6rsel bir yenilik sunmaz, ayn\u0131 zamanda yap\u0131n\u0131n su yal\u0131t\u0131m\u0131n\u0131 koruyarak uzun vadeli bir \u00e7\u00f6z\u00fcm sa\u011flar. K\u00f6t\u00fc hava ko\u015fullar\u0131, kar, ya\u011fmur ve g\u00fcne\u015fin etkisiyle deforme olan oluklar, zamanla g\u00f6revini yapamaz hale gelir. Bu nedenle d\u00fczenli bak\u0131m ve gerekti\u011finde oluk yenileme \u015fartt\u0131r.<\/p><hr data-start=\"1296\" data-end=\"1299\" \/><h3 data-start=\"1301\" data-end=\"1340\">Neden Oluk Aktarma Yapt\u0131rmal\u0131s\u0131n\u0131z?<\/h3><p data-start=\"1342\" data-end=\"1507\">Konya gibi iklim ge\u00e7i\u015flerinin sert ya\u015fand\u0131\u011f\u0131 b\u00f6lgelerde, \u00e7at\u0131lar ve oluklar h\u0131zla y\u0131pranabilir. A\u015fa\u011f\u0131daki sorunlar\u0131 ya\u015f\u0131yorsan\u0131z oluk aktarma zaman\u0131 gelmi\u015f olabilir:<\/p><ul data-start=\"1509\" data-end=\"1685\"><li data-start=\"1509\" data-end=\"1533\"><p data-start=\"1511\" data-end=\"1533\"><strong data-start=\"1511\" data-end=\"1533\">Paslanma ve \u00e7\u00fcr\u00fcme<\/strong><\/p><\/li><li data-start=\"1534\" data-end=\"1582\"><p data-start=\"1536\" data-end=\"1582\"><strong data-start=\"1536\" data-end=\"1582\">Oluk i\u00e7lerinde biriken pislik ve yapraklar<\/strong><\/p><\/li><li data-start=\"1583\" data-end=\"1621\"><p data-start=\"1585\" data-end=\"1621\"><strong data-start=\"1585\" data-end=\"1621\">Su s\u0131z\u0131nt\u0131lar\u0131 ve duvarlarda nem<\/strong><\/p><\/li><li data-start=\"1622\" data-end=\"1651\"><p data-start=\"1624\" data-end=\"1651\"><strong data-start=\"1624\" data-end=\"1651\">Oluk e\u011fiminin bozulmas\u0131<\/strong><\/p><\/li><li data-start=\"1652\" data-end=\"1685\"><p data-start=\"1654\" data-end=\"1685\"><strong data-start=\"1654\" data-end=\"1685\">Estetik a\u00e7\u0131dan k\u00f6t\u00fc g\u00f6r\u00fcnt\u00fc<\/strong><\/p><\/li><\/ul><p data-start=\"1687\" data-end=\"1969\">Oluklar\u0131n i\u015flevini yitirmesi, sadece \u00e7at\u0131n\u0131z\u0131 de\u011fil t\u00fcm yap\u0131n\u0131z\u0131 tehdit eder. Rutubet, boya d\u00f6k\u00fclmesi, \u0131s\u0131 yal\u0131t\u0131m\u0131n\u0131n bozulmas\u0131 ve daha bir\u00e7ok problem ka\u00e7\u0131n\u0131lmaz olur. Bu y\u00fczden oluk sistemlerinin zaman\u0131nda de\u011fi\u015ftirilmesi hem ekonomik hem de yap\u0131sal a\u00e7\u0131dan ak\u0131ll\u0131ca bir yat\u0131r\u0131md\u0131r.<\/p><hr data-start=\"1971\" data-end=\"1974\" \/><h3 data-start=\"1976\" data-end=\"2026\">Konya\u2019da Ankaral\u0131 Oluk Ustas\u0131 ile G\u00fcvendesiniz<\/h3><p data-start=\"2028\" data-end=\"2268\">Biz, y\u0131llard\u0131r Ankara\u2019da edindi\u011fimiz tecr\u00fcbe ile <strong data-start=\"2077\" data-end=\"2099\">Konya ve \u00e7evresine<\/strong> oluk aktarma hizmeti sunan g\u00fcvenilir bir firmay\u0131z. Ekibimiz, her t\u00fcrl\u00fc \u00e7at\u0131 sistemiyle uyumlu oluk sistemlerini titizlikle monte eder. Uygulad\u0131\u011f\u0131m\u0131z sistemler aras\u0131nda:<\/p><ul data-start=\"2270\" data-end=\"2391\"><li data-start=\"2270\" data-end=\"2286\"><p data-start=\"2272\" data-end=\"2286\"><strong data-start=\"2272\" data-end=\"2286\">\u00c7inko oluk<\/strong><\/p><\/li><li data-start=\"2287\" data-end=\"2301\"><p data-start=\"2289\" data-end=\"2301\"><strong data-start=\"2289\" data-end=\"2301\">PVC oluk<\/strong><\/p><\/li><li data-start=\"2302\" data-end=\"2321\"><p data-start=\"2304\" data-end=\"2321\"><strong data-start=\"2304\" data-end=\"2321\">Galvaniz oluk<\/strong><\/p><\/li><li data-start=\"2322\" data-end=\"2391\"><p data-start=\"2324\" data-end=\"2391\"><strong data-start=\"2324\" data-end=\"2342\">Al\u00fcminyum oluk<\/strong> gibi uzun \u00f6m\u00fcrl\u00fc ve dayan\u0131kl\u0131 \u00e7\u00f6z\u00fcmler yer al\u0131r.<\/p><\/li><\/ul><p data-start=\"2393\" data-end=\"2537\">Her bina farkl\u0131d\u0131r. Bu nedenle oluk e\u011fimi, uzunlu\u011fu ve ini\u015f borular\u0131 gibi t\u00fcm detaylar\u0131 yerinde \u00f6l\u00e7erek, ihtiyac\u0131n\u0131za en uygun \u00e7\u00f6z\u00fcm\u00fc sunuyoruz.<\/p><hr data-start=\"2539\" data-end=\"2542\" \/><h3 data-start=\"2544\" data-end=\"2566\">Hizmetin A\u015famalar\u0131<\/h3><ol data-start=\"2568\" data-end=\"2742\"><li data-start=\"2568\" data-end=\"2599\"><p data-start=\"2571\" data-end=\"2599\">Mevcut oluklar\u0131n s\u00f6k\u00fclmesi<\/p><\/li><li data-start=\"2600\" data-end=\"2641\"><p data-start=\"2603\" data-end=\"2641\">\u00c7at\u0131 \u00f6l\u00e7\u00fcm ve su tahliye hesaplamas\u0131<\/p><\/li><li data-start=\"2642\" data-end=\"2680\"><p data-start=\"2645\" data-end=\"2680\">Uygun e\u011fim ve ba\u011flant\u0131 planlamas\u0131<\/p><\/li><li data-start=\"2681\" data-end=\"2708\"><p data-start=\"2684\" data-end=\"2708\">Yeni oluklar\u0131n montaj\u0131<\/p><\/li><li data-start=\"2709\" data-end=\"2742\"><p data-start=\"2712\" data-end=\"2742\">Son kontrol ve su ak\u0131\u015f testi<\/p><\/li><\/ol>\t\t\t\t\t\t\t\t<\/div>\n\t\t\t\t<\/div>\n\t\t\t\t\t<\/div>\n\t\t\t\t<\/div>\n\t\t\t\t<\/div>\n\t\t","protected":false},"excerpt":{"rendered":"<p>Konya&#8217;da Oluk Aktarma Hizmetleri \u2013 Ankaral\u0131 \u00c7at\u0131 Ustalar\u0131ndan Profesyonel \u00c7\u00f6z\u00fcmler Konya\u2019da \u00e7at\u0131 sistemlerinin dayan\u0131kl\u0131l\u0131\u011f\u0131 ve uzun \u00f6m\u00fcrl\u00fc olmas\u0131 i\u00e7in en \u00f6nemli unsurlardan biri, suyun yap\u0131dan do\u011fru bir \u015fekilde tahliye edilmesidir. Bunun i\u00e7in kullan\u0131lan en etkili sistem ise oluklard\u0131r. Ancak zamanla eskiyen, paslanan veya i\u015flevini yitiren oluklar, binan\u0131zda su s\u0131z\u0131nt\u0131s\u0131na, nem ve rutubet olu\u015fumuna yol a\u00e7abilir.<\/p>\n","protected":false},"author":1,"featured_media":0,"parent":0,"menu_order":0,"comment_status":"closed","ping_status":"closed","template":"elementor_header_footer","meta":{"inline_featured_image":false,"_monsterinsights_skip_tracking":false,"_monsterinsights_sitenote_active":false,"_monsterinsights_sitenote_note":"","_monsterinsights_sitenote_category":0,"footnotes":""},"class_list":["post-10913","page","type-page","status-publish","hentry"],"aioseo_notices":[],"_links":{"self":[{"href":"https:\/\/www.ankaralicati.com.tr\/index.php\/wp-json\/wp\/v2\/pages\/10913","targetHints":{"allow":["GET"]}}],"collection":[{"href":"https:\/\/www.ankaralicati.com.tr\/index.php\/wp-json\/wp\/v2\/pages"}],"about":[{"href":"https:\/\/www.ankaralicati.com.tr\/index.php\/wp-json\/wp\/v2\/types\/page"}],"author":[{"embeddable":true,"href":"https:\/\/www.ankaralicati.com.tr\/index.php\/wp-json\/wp\/v2\/users\/1"}],"replies":[{"embeddable":true,"href":"https:\/\/www.ankaralicati.com.tr\/index.php\/wp-json\/wp\/v2\/comments?post=10913"}],"version-history":[{"count":4,"href":"https:\/\/www.ankaralicati.com.tr\/index.php\/wp-json\/wp\/v2\/pages\/10913\/revisions"}],"predecessor-version":[{"id":10917,"href":"https:\/\/www.ankaralicati.com.tr\/index.php\/wp-json\/wp\/v2\/pages\/10913\/revisions\/10917"}],"wp:attachment":[{"href":"https:\/\/www.ankaralicati.com.tr\/index.php\/wp-json\/wp\/v2\/media?parent=10913"}],"curies":[{"name":"wp","href":"https:\/\/api.w.org\/{rel}","templated":true}]}}