{"id":10945,"date":"2025-05-28T09:10:54","date_gmt":"2025-05-28T09:10:54","guid":{"rendered":"https:\/\/www.ankaralicati.com.tr\/?page_id=10945"},"modified":"2025-05-28T09:17:53","modified_gmt":"2025-05-28T09:17:53","slug":"kiremit-cati-isleri","status":"publish","type":"page","link":"https:\/\/www.ankaralicati.com.tr\/index.php\/kiremit-cati-isleri\/","title":{"rendered":"Kiremit \u00c7at\u0131 \u0130\u015fleri"},"content":{"rendered":"<h3 data-start=\"138\" data-end=\"205\"><strong data-start=\"142\" data-end=\"205\">Konya&#8217;da Kiremit \u00c7at\u0131 \u0130\u015flerinde Uzman Ankaral\u0131 \u00c7at\u0131 Firmas\u0131<\/strong><\/h3>\n<p data-start=\"207\" data-end=\"708\">Konya\u2019da \u00e7at\u0131 i\u015fleri denildi\u011finde g\u00fcvenilirlik, kalite ve tecr\u00fcbe arayanlar\u0131n tercihi olan Ankaral\u0131 \u00c7at\u0131 Firmas\u0131 olarak, kiremit \u00e7at\u0131 sistemlerinde uzun y\u0131llara dayanan deneyimimizle hizmetinizdeyiz. Evlerinizi ve i\u015f yerlerinizi d\u0131\u015f etkenlerden koruman\u0131n en estetik ve sa\u011flam yollar\u0131ndan biri olan kiremit \u00e7at\u0131lar, hem dayan\u0131kl\u0131l\u0131\u011f\u0131 hem de g\u00f6rselli\u011fiyle tercih edilmektedir. Biz de bu alanda, uzman kadromuz ve kaliteli malzeme anlay\u0131\u015f\u0131m\u0131zla siz de\u011ferli m\u00fc\u015fterilerimize profesyonel \u00e7\u00f6z\u00fcmler sunuyoruz.<\/p>\n<hr data-start=\"710\" data-end=\"713\" \/>\n<h3 data-start=\"715\" data-end=\"770\"><strong data-start=\"719\" data-end=\"770\">Kiremit \u00c7at\u0131 Nedir ve Neden Tercih Edilmelidir?<\/strong><\/h3>\n<p data-start=\"772\" data-end=\"1061\">Kiremit \u00e7at\u0131lar, \u00f6zellikle Akdeniz iklimine sahip b\u00f6lgelerde yayg\u0131n olarak tercih edilen, kil veya beton esasl\u0131 yap\u0131 malzemeleriyle olu\u015fturulan \u00e7at\u0131 sistemleridir. Hem \u0131s\u0131 yal\u0131t\u0131m\u0131 hem de su ge\u00e7irmezlik a\u00e7\u0131s\u0131ndan y\u00fcksek performans sa\u011flayan bu sistemler, uzun \u00f6m\u00fcrl\u00fc yap\u0131s\u0131yla dikkat \u00e7eker.<\/p>\n<p data-start=\"1063\" data-end=\"1109\">Kiremit \u00e7at\u0131n\u0131n ba\u015fl\u0131ca avantajlar\u0131 \u015funlard\u0131r:<\/p>\n<ul data-start=\"1110\" data-end=\"1307\">\n<li data-start=\"1110\" data-end=\"1164\">\n<p data-start=\"1112\" data-end=\"1164\">\u2705 Do\u011fal malzemeden \u00fcretildi\u011fi i\u00e7in \u00e7evre dostudur.<\/p>\n<\/li>\n<li data-start=\"1165\" data-end=\"1198\">\n<p data-start=\"1167\" data-end=\"1198\">\u2705 Is\u0131 ve ses yal\u0131t\u0131m\u0131 sa\u011flar.<\/p>\n<\/li>\n<li data-start=\"1199\" data-end=\"1232\">\n<p data-start=\"1201\" data-end=\"1232\">\u2705 Yang\u0131na kar\u015f\u0131 dayan\u0131kl\u0131d\u0131r.<\/p>\n<\/li>\n<li data-start=\"1233\" data-end=\"1278\">\n<p data-start=\"1235\" data-end=\"1278\">\u2705 Uzun \u00f6m\u00fcrl\u00fc ve bak\u0131m maliyeti d\u00fc\u015f\u00fckt\u00fcr.<\/p>\n<\/li>\n<li data-start=\"1279\" data-end=\"1307\">\n<p data-start=\"1281\" data-end=\"1307\">\u2705 Estetik g\u00f6r\u00fcn\u00fcm sunar.<\/p>\n<\/li>\n<\/ul>\n<hr data-start=\"1309\" data-end=\"1312\" \/>\n<h3 data-start=\"1314\" data-end=\"1357\"><strong data-start=\"1318\" data-end=\"1357\">Konya&#8217;da Kiremit \u00c7at\u0131 Hizmetlerimiz<\/strong><\/h3>\n<p data-start=\"1359\" data-end=\"1572\">Ankaral\u0131 \u00c7at\u0131 Firmas\u0131 olarak Konya\u2019n\u0131n t\u00fcm il\u00e7elerine <strong data-start=\"1413\" data-end=\"1464\">kiremit \u00e7at\u0131 yap\u0131m\u0131, tamiri, bak\u0131m\u0131 ve yenileme<\/strong> hizmetleri sunmaktay\u0131z. Geni\u015f hizmet yelpazemizle her t\u00fcrl\u00fc yap\u0131ya uygun kiremit \u00e7at\u0131 \u00e7\u00f6z\u00fcmleri \u00fcretiyoruz.<\/p>\n<h4 data-start=\"1574\" data-end=\"1596\">\ud83d\udd28 Hizmetlerimiz:<\/h4>\n<ul data-start=\"1597\" data-end=\"1856\">\n<li data-start=\"1597\" data-end=\"1631\">\n<p data-start=\"1599\" data-end=\"1631\"><strong data-start=\"1599\" data-end=\"1631\">S\u0131f\u0131rdan kiremit \u00e7at\u0131 yap\u0131m\u0131<\/strong><\/p>\n<\/li>\n<li data-start=\"1632\" data-end=\"1680\">\n<p data-start=\"1634\" data-end=\"1680\"><strong data-start=\"1634\" data-end=\"1680\">Eski kiremit \u00e7at\u0131larda tadilat ve yenileme<\/strong><\/p>\n<\/li>\n<li data-start=\"1681\" data-end=\"1724\">\n<p data-start=\"1683\" data-end=\"1724\"><strong data-start=\"1683\" data-end=\"1724\">\u00c7at\u0131larda k\u0131r\u0131k kiremitlerin de\u011fi\u015fimi<\/strong><\/p>\n<\/li>\n<li data-start=\"1725\" data-end=\"1767\">\n<p data-start=\"1727\" data-end=\"1767\"><strong data-start=\"1727\" data-end=\"1767\">Su yal\u0131t\u0131m\u0131 ve izolasyon \u00e7al\u0131\u015fmalar\u0131<\/strong><\/p>\n<\/li>\n<li data-start=\"1768\" data-end=\"1820\">\n<p data-start=\"1770\" data-end=\"1820\"><strong data-start=\"1770\" data-end=\"1820\">\u00c7at\u0131 iskeleti ve karkas sistemlerinin kontrol\u00fc<\/strong><\/p>\n<\/li>\n<li data-start=\"1821\" data-end=\"1856\">\n<p data-start=\"1823\" data-end=\"1856\"><strong data-start=\"1823\" data-end=\"1856\">\u00c7at\u0131 temizli\u011fi ve oluk bak\u0131m\u0131<\/strong><\/p>\n<\/li>\n<\/ul>\n<hr data-start=\"1858\" data-end=\"1861\" \/>\n<h3 data-start=\"1863\" data-end=\"1901\"><strong data-start=\"1867\" data-end=\"1901\">Neden Bizi Tercih Etmelisiniz?<\/strong><\/h3>\n<ul data-start=\"1903\" data-end=\"2120\">\n<li data-start=\"1903\" data-end=\"1940\">\n<p data-start=\"1905\" data-end=\"1940\">\u2714 <strong data-start=\"1907\" data-end=\"1940\">Deneyimli ve profesyonel ekip<\/strong><\/p>\n<\/li>\n<li data-start=\"1941\" data-end=\"1990\">\n<p data-start=\"1943\" data-end=\"1990\">\u2714 <strong data-start=\"1945\" data-end=\"1990\">Y\u00fcksek kaliteli ve sertifikal\u0131 malzemeler<\/strong><\/p>\n<\/li>\n<li data-start=\"1991\" data-end=\"2027\">\n<p data-start=\"1993\" data-end=\"2027\">\u2714 <strong data-start=\"1995\" data-end=\"2027\">Zaman\u0131nda teslimat garantisi<\/strong><\/p>\n<\/li>\n<li data-start=\"2028\" data-end=\"2069\">\n<p data-start=\"2030\" data-end=\"2069\">\u2714 <strong data-start=\"2032\" data-end=\"2069\">Uygun fiyat, uzun \u00f6m\u00fcrl\u00fc \u00e7\u00f6z\u00fcmler<\/strong><\/p>\n<\/li>\n<li data-start=\"2070\" data-end=\"2120\">\n<p data-start=\"2072\" data-end=\"2120\">\u2714 <strong data-start=\"2074\" data-end=\"2120\">M\u00fc\u015fteri memnuniyeti odakl\u0131 hizmet anlay\u0131\u015f\u0131<\/strong><\/p>\n<\/li>\n<\/ul>\n<p data-start=\"2122\" data-end=\"2255\">Yaln\u0131zca kiremit d\u00f6\u015femekle kalm\u0131yor; \u00e7at\u0131n\u0131z\u0131n t\u00fcm yap\u0131sal g\u00fcvenli\u011fini sa\u011fl\u0131yor, estetik bir g\u00f6r\u00fcn\u00fcmle evinizin de\u011ferini art\u0131r\u0131yoruz.<\/p>\n<hr data-start=\"2257\" data-end=\"2260\" \/>\n<h3 data-start=\"2262\" data-end=\"2302\"><strong data-start=\"2266\" data-end=\"2302\">\u00dccretsiz Ke\u015fif ve Teklif Hizmeti<\/strong><\/h3>\n<p data-start=\"2304\" data-end=\"2515\">Konya ve \u00e7evresinde yer alan t\u00fcm m\u00fc\u015fterilerimize \u00fccretsiz ke\u015fif hizmeti sunuyoruz. Uzman ekibimiz yerinde inceleme yaparak, ihtiya\u00e7lar\u0131n\u0131za en uygun kiremit \u00e7at\u0131 \u00e7\u00f6z\u00fcm\u00fcn\u00fc belirler ve size \u00f6zel teklifimizi sunar.<\/p>\n<hr data-start=\"2517\" data-end=\"2520\" \/>\n<h3 data-start=\"2522\" data-end=\"2545\"><strong data-start=\"2526\" data-end=\"2545\">\u0130leti\u015fime Ge\u00e7in<\/strong><\/h3>\n<p data-start=\"2547\" data-end=\"2738\">E\u011fer Konya\u2019da kiremit \u00e7at\u0131 i\u015fleri i\u00e7in kaliteli, h\u0131zl\u0131 ve uygun fiyatl\u0131 bir \u00e7\u00f6z\u00fcm ar\u0131yorsan\u0131z, do\u011fru yerdesiniz! Ankaral\u0131 \u00c7at\u0131 Firmas\u0131 olarak sizlere her zaman g\u00fcvenle hizmet vermeye haz\u0131r\u0131z.<\/p>\n<p>&nbsp;<\/p>\n<p data-start=\"2740\" data-end=\"2836\">\ud83d\udcde [Telefon Numaran\u0131z]<br data-start=\"2762\" data-end=\"2765\" \/>\ud83c\udf10 [Web siteniz]<br data-start=\"2781\" data-end=\"2784\" \/>\ud83d\udccd Konya ve \u00e7evresi t\u00fcm il\u00e7elere hizmet vermekteyiz.<\/p>\n","protected":false},"excerpt":{"rendered":"<p>Konya&#8217;da Kiremit \u00c7at\u0131 \u0130\u015flerinde Uzman Ankaral\u0131 \u00c7at\u0131 Firmas\u0131 Konya\u2019da \u00e7at\u0131 i\u015fleri denildi\u011finde g\u00fcvenilirlik, kalite ve tecr\u00fcbe arayanlar\u0131n tercihi olan Ankaral\u0131 \u00c7at\u0131 Firmas\u0131 olarak, kiremit \u00e7at\u0131 sistemlerinde uzun y\u0131llara dayanan deneyimimizle hizmetinizdeyiz. Evlerinizi ve i\u015f yerlerinizi d\u0131\u015f etkenlerden koruman\u0131n en estetik ve sa\u011flam yollar\u0131ndan biri olan kiremit \u00e7at\u0131lar, hem dayan\u0131kl\u0131l\u0131\u011f\u0131 hem de g\u00f6rselli\u011fiyle tercih edilmektedir. Biz<\/p>\n","protected":false},"author":1,"featured_media":0,"parent":0,"menu_order":0,"comment_status":"closed","ping_status":"closed","template":"","meta":{"inline_featured_image":false,"_monsterinsights_skip_tracking":false,"_monsterinsights_sitenote_active":false,"_monsterinsights_sitenote_note":"","_monsterinsights_sitenote_category":0,"footnotes":""},"class_list":["post-10945","page","type-page","status-publish","hentry"],"aioseo_notices":[],"_links":{"self":[{"href":"https:\/\/www.ankaralicati.com.tr\/index.php\/wp-json\/wp\/v2\/pages\/10945","targetHints":{"allow":["GET"]}}],"collection":[{"href":"https:\/\/www.ankaralicati.com.tr\/index.php\/wp-json\/wp\/v2\/pages"}],"about":[{"href":"https:\/\/www.ankaralicati.com.tr\/index.php\/wp-json\/wp\/v2\/types\/page"}],"author":[{"embeddable":true,"href":"https:\/\/www.ankaralicati.com.tr\/index.php\/wp-json\/wp\/v2\/users\/1"}],"replies":[{"embeddable":true,"href":"https:\/\/www.ankaralicati.com.tr\/index.php\/wp-json\/wp\/v2\/comments?post=10945"}],"version-history":[{"count":1,"href":"https:\/\/www.ankaralicati.com.tr\/index.php\/wp-json\/wp\/v2\/pages\/10945\/revisions"}],"predecessor-version":[{"id":10946,"href":"https:\/\/www.ankaralicati.com.tr\/index.php\/wp-json\/wp\/v2\/pages\/10945\/revisions\/10946"}],"wp:attachment":[{"href":"https:\/\/www.ankaralicati.com.tr\/index.php\/wp-json\/wp\/v2\/media?parent=10945"}],"curies":[{"name":"wp","href":"https:\/\/api.w.org\/{rel}","templated":true}]}}