{"id":1133,"date":"2024-08-14T13:42:22","date_gmt":"2024-08-14T13:42:22","guid":{"rendered":"https:\/\/gramentheme.com\/wp\/xbuild\/?page_id=1133"},"modified":"2025-05-27T20:52:30","modified_gmt":"2025-05-27T20:52:30","slug":"iletisim","status":"publish","type":"page","link":"https:\/\/www.ankaralicati.com.tr\/index.php\/iletisim\/","title":{"rendered":"\u0130leti\u015fim"},"content":{"rendered":"\t\t<div data-elementor-type=\"wp-page\" data-elementor-id=\"1133\" class=\"elementor elementor-1133\">\n\t\t\t\t<div class=\"elementor-element elementor-element-a165f9b e-flex e-con-boxed e-con e-parent\" data-id=\"a165f9b\" data-element_type=\"container\">\n\t\t\t\t\t<div class=\"e-con-inner\">\n\t\t<div class=\"elementor-element elementor-element-31c06d6 e-con-full e-flex e-con e-child\" data-id=\"31c06d6\" data-element_type=\"container\">\n\t\t\t\t<div class=\"elementor-element elementor-element-67cf1c2 elementor-widget-tablet__width-initial elementor-widget elementor-widget-ehome-contact-form-widget\" data-id=\"67cf1c2\" data-element_type=\"widget\" data-widget_type=\"ehome-contact-form-widget.default\">\n\t\t\t\t<div class=\"elementor-widget-container\">\n\t\t\t\t\t\r\n\r\n   \t\t<section class=\"contact-section-22\">\r\n            <div class=\"container\">\r\n                <div class=\"contact-form-items\">\r\n                    <div class=\"title text-center\">\r\n                        <h2>\u0130leti\u015fim Bilgileri<\/h2>\r\n                    <\/div>\r\n\t\t\t\t\t\n<div class=\"wpcf7 no-js\" id=\"wpcf7-f1146-o1\" lang=\"en-US\" dir=\"ltr\" data-wpcf7-id=\"1146\">\n<div class=\"screen-reader-response\"><p role=\"status\" aria-live=\"polite\" aria-atomic=\"true\"><\/p> <ul><\/ul><\/div>\n<form action=\"\/index.php\/wp-json\/wp\/v2\/pages\/1133#wpcf7-f1146-o1\" method=\"post\" class=\"wpcf7-form init\" aria-label=\"Contact form\" novalidate=\"novalidate\" data-status=\"init\">\n<div style=\"display: none;\">\n<input type=\"hidden\" name=\"_wpcf7\" value=\"1146\" \/>\n<input type=\"hidden\" name=\"_wpcf7_version\" value=\"6.0.6\" \/>\n<input type=\"hidden\" name=\"_wpcf7_locale\" value=\"en_US\" \/>\n<input type=\"hidden\" name=\"_wpcf7_unit_tag\" value=\"wpcf7-f1146-o1\" \/>\n<input type=\"hidden\" name=\"_wpcf7_container_post\" value=\"0\" \/>\n<input type=\"hidden\" name=\"_wpcf7_posted_data_hash\" value=\"\" \/>\n<\/div>\n<div class=\"row g-4\">\n    <div class=\"col-lg-6 wow fadeInUp\">\n        <div class=\"form-clt\">\n            <span class=\"wpcf7-form-control-wrap\" data-name=\"text-437\"><input size=\"40\" maxlength=\"400\" class=\"wpcf7-form-control wpcf7-text\" aria-invalid=\"false\" placeholder=\"Ad\" value=\"\" type=\"text\" name=\"text-437\" \/><\/span>\n            <div class=\"icon\">\n                <i class=\"fa-regular fa-user\"><\/i>\n            <\/div>\n        <\/div>\n    <\/div>\n    <div class=\"col-lg-6 wow fadeInUp\">\n        <div class=\"form-clt\">\n            <span class=\"wpcf7-form-control-wrap\" data-name=\"text-462\"><input size=\"40\" maxlength=\"400\" class=\"wpcf7-form-control wpcf7-text\" aria-invalid=\"false\" placeholder=\"Soyad\" value=\"\" type=\"text\" name=\"text-462\" \/><\/span>\n            <div class=\"icon\">\n                <i class=\"fa-regular fa-user\"><\/i>\n            <\/div>\n        <\/div>\n    <\/div>\n    <div class=\"col-lg-6 wow fadeInUp\">\n        <div class=\"form-clt\">\n            <span class=\"wpcf7-form-control-wrap\" data-name=\"tel-478\"><input size=\"40\" maxlength=\"400\" class=\"wpcf7-form-control wpcf7-tel wpcf7-text wpcf7-validates-as-tel\" aria-invalid=\"false\" placeholder=\"Telefon Numaras\u0131\" value=\"\" type=\"tel\" name=\"tel-478\" \/><\/span>\n            <div class=\"icon\">\n                <i class=\"fa-regular fa-phone\"><\/i>\n            <\/div>\n        <\/div>\n    <\/div>\n    <div class=\"col-lg-6 wow fadeInUp\">\n        <div class=\"form-clt\">\n            <span class=\"wpcf7-form-control-wrap\" data-name=\"email-879\"><input size=\"40\" maxlength=\"400\" class=\"wpcf7-form-control wpcf7-email wpcf7-validates-as-required wpcf7-text wpcf7-validates-as-email\" aria-required=\"true\" aria-invalid=\"false\" placeholder=\"E-posta Adresi\" value=\"\" type=\"email\" name=\"email-879\" \/><\/span>\n            <div class=\"icon\">\n                <i class=\"fa-regular fa-envelope\"><\/i>\n            <\/div>\n        <\/div>\n    <\/div>\n    <div class=\"col-lg-12 wow fadeInUp\">\n        <div class=\"form-clt\">\n            <span class=\"wpcf7-form-control-wrap\" data-name=\"textarea-515\"><textarea cols=\"40\" rows=\"10\" maxlength=\"2000\" class=\"wpcf7-form-control wpcf7-textarea\" aria-invalid=\"false\" placeholder=\"Akl\u0131n\u0131zdaki konuyu yaz\u0131n\u0131z\" name=\"textarea-515\"><\/textarea><\/span>\n            <div class=\"icon\">\n                <i class=\"fa-sharp fa-light fa-pencil\"><\/i>\n            <\/div>\n        <\/div>\n    <\/div>\n    <div class=\"col-lg-12 wow fadeInUp\">\n        <button type=\"submit\" class=\"theme-btn w-100\">\n            MESAJI G\u00d6NDER\n        <\/button>\n    <\/div>\n<\/div><div class=\"wpcf7-response-output\" aria-hidden=\"true\"><\/div>\n<\/form>\n<\/div>\n                <\/div>\r\n            <\/div>\r\n        <\/section>\r\n\t\r\n\r\n             \r\n\t\t\t\t\t\t<\/div>\n\t\t\t\t<\/div>\n\t\t\t\t<\/div>\n\t\t<div class=\"elementor-element elementor-element-722269c e-con-full e-flex e-con e-child\" data-id=\"722269c\" data-element_type=\"container\">\n\t\t\t\t<div class=\"elementor-element elementor-element-10737a9 elementor-widget elementor-widget-google_maps\" data-id=\"10737a9\" data-element_type=\"widget\" data-widget_type=\"google_maps.default\">\n\t\t\t\t<div class=\"elementor-widget-container\">\n\t\t\t\t\t\t\t<div class=\"elementor-custom-embed\">\n\t\t\t<iframe loading=\"lazy\"\n\t\t\t\t\tsrc=\"https:\/\/maps.google.com\/maps?q=Konya&#038;t=m&#038;z=10&#038;output=embed&#038;iwloc=near\"\n\t\t\t\t\ttitle=\"Konya\"\n\t\t\t\t\taria-label=\"Konya\"\n\t\t\t><\/iframe>\n\t\t<\/div>\n\t\t\t\t\t\t<\/div>\n\t\t\t\t<\/div>\n\t\t\t\t<\/div>\n\t\t\t\t\t<\/div>\n\t\t\t\t<\/div>\n\t\t\t\t<\/div>\n\t\t","protected":false},"excerpt":{"rendered":"<p>\u0130leti\u015fim Bilgileri SEND MESSAGE NOW<\/p>\n","protected":false},"author":1,"featured_media":0,"parent":0,"menu_order":0,"comment_status":"closed","ping_status":"closed","template":"elementor_header_footer","meta":{"inline_featured_image":false,"_monsterinsights_skip_tracking":false,"_monsterinsights_sitenote_active":false,"_monsterinsights_sitenote_note":"","_monsterinsights_sitenote_category":0,"footnotes":""},"class_list":["post-1133","page","type-page","status-publish","hentry"],"aioseo_notices":[],"_links":{"self":[{"href":"https:\/\/www.ankaralicati.com.tr\/index.php\/wp-json\/wp\/v2\/pages\/1133","targetHints":{"allow":["GET"]}}],"collection":[{"href":"https:\/\/www.ankaralicati.com.tr\/index.php\/wp-json\/wp\/v2\/pages"}],"about":[{"href":"https:\/\/www.ankaralicati.com.tr\/index.php\/wp-json\/wp\/v2\/types\/page"}],"author":[{"embeddable":true,"href":"https:\/\/www.ankaralicati.com.tr\/index.php\/wp-json\/wp\/v2\/users\/1"}],"replies":[{"embeddable":true,"href":"https:\/\/www.ankaralicati.com.tr\/index.php\/wp-json\/wp\/v2\/comments?post=1133"}],"version-history":[{"count":4,"href":"https:\/\/www.ankaralicati.com.tr\/index.php\/wp-json\/wp\/v2\/pages\/1133\/revisions"}],"predecessor-version":[{"id":10867,"href":"https:\/\/www.ankaralicati.com.tr\/index.php\/wp-json\/wp\/v2\/pages\/1133\/revisions\/10867"}],"wp:attachment":[{"href":"https:\/\/www.ankaralicati.com.tr\/index.php\/wp-json\/wp\/v2\/media?parent=1133"}],"curies":[{"name":"wp","href":"https:\/\/api.w.org\/{rel}","templated":true}]}}